{"id":515,"date":"2025-08-21T20:50:58","date_gmt":"2025-08-21T18:50:58","guid":{"rendered":"https:\/\/motorbike-emotion.be\/?page_id=515"},"modified":"2025-08-21T21:27:37","modified_gmt":"2025-08-21T19:27:37","slug":"mission","status":"publish","type":"page","link":"https:\/\/motorbike-emotion.be\/index.php\/mission\/","title":{"rendered":"Mission"},"content":{"rendered":"\n<h4 class=\"wp-block-heading has-text-align-center\">Motorbike Emotion<br>&#8211;<br>Une Passion au service de la V\u00f4tre<\/h4>\n\n\n\n<p class=\"has-text-align-center\"><br>Motorbike Emotion est une ASBL n\u00e9e d\u2019une <strong>passion partag\u00e9e pour la moto<\/strong> et l\u2019<strong>envie de faire vivre des exp\u00e9riences fortes<\/strong> \u00e0 tous les amoureux de la route.<\/p>\n\n\n\n<p class=\"has-text-align-center\"><strong>Notre mission ?<\/strong> <br>Cr\u00e9er, organiser et accompagner des <strong>balades moto personnalis\u00e9es<\/strong>, en Belgique comme \u00e0 l\u2019\u00e9tranger, pour motards ou non.<br><strong>Des balades sur mesure, pens\u00e9es pour vous.<\/strong><\/p>\n\n\n\n<h5 class=\"wp-block-heading has-text-align-center\">Chez <a href=\"http:\/\/www.motorbike-emotion.be\">Motorbike-Emotion<\/a>, <strong>chaque balade est unique<\/strong>, car elle est con\u00e7ue sur base de vos envies.<\/h5>\n\n\n\n<p>Nous cr\u00e9ons pour vous des parcours cl\u00e9 en main avec tout ce qui fait le charme d\u2019une vir\u00e9e r\u00e9ussie :<\/p>\n\n\n\n<ul class=\"wp-block-list\">\n<li>Tra\u00e7age d\u2019itin\u00e9raires adapt\u00e9s \u00e0 votre niveau et \u00e0 vos go\u00fbts<\/li>\n\n\n\n<li>S\u00e9lection de routes sinueuses, panoramiques ou tranquilles<\/li>\n\n\n\n<li>Ajout de pauses gastronomiques, culturelles ou simplement conviviales<\/li>\n\n\n\n<li>Organisation compl\u00e8te possible : h\u00e9bergements, repas, encadrement &#8211; assistance\u2026<\/li>\n<\/ul>\n\n\n\n<p class=\"has-text-align-center\">Du simple trac\u00e9 \u00e0 l\u2019exp\u00e9rience compl\u00e8te, <br><strong>vous d\u00e9cidez \u2013 nous r\u00e9alisons<\/strong>.<br>L\u2019aventure \u00e0 grande \u00e9chelle, en partenariat avec <a href=\"https:\/\/www.ride.lu\">Ride.lu<\/a><\/p>\n\n\n\n<p class=\"has-text-align-center\"><strong><br>En collaboration avec notre partenaire <a href=\"https:\/\/www.ride.lu\">Ride.lu<\/a>, nous allons encore plus loin :<\/strong><\/p>\n\n\n\n<p><strong>Road trips \u00e0 l\u2019\u00e9tranger<\/strong>, semaines de pur plaisir moto, s\u00e9jours tout compris dans des d\u00e9cors \u00e9poustouflants.<\/p>\n\n\n\n<p><strong>De la Mer du Nord \u00e0 la M\u00e9diterran\u00e9enne<\/strong>, <strong>de l&#8217;Atlantique aux Balkans<\/strong>, nous vous emmenons vivre la moto autrement, sans stress, sans logistique, <strong>juste avec l\u2019envie de rouler et de vibrer<\/strong>.<\/p>\n\n\n\n<p>Des \u00e9v\u00e9nements exclusifs\u2026 qui sortent des sentiers battus<\/p>\n\n\n\n<p>Une \u00e0 deux fois par an, <a href=\"http:\/\/www.motorbike-emotion.be\">Motorbike-Emotion<\/a> organise \u00e9galement des <strong>balades moto<\/strong> en <strong>petit groupe<\/strong>, <strong>\u00e0 th\u00e8me<\/strong> <strong>ou extr\u00eames<\/strong>, toujours dans un esprit de d\u00e9couverte et de d\u00e9passement.<\/p>\n\n\n\n<p><strong>Pas de copi\u00e9-coll\u00e9 ici <\/strong>: chaque sortie est diff\u00e9rente, pens\u00e9e pour surprendre, rassembler et marquer les esprits.<\/p>\n\n\n\n<h5 class=\"wp-block-heading has-text-align-center\"><strong>Du jamais vu, du jamais v\u00e9cu<\/strong> !<\/h5>\n\n\n\n<h4 class=\"wp-block-heading has-text-align-center\">Rejoignez <a href=\"http:\/\/www.motorbike-emotion.be\">Motorbike-Emotion<\/a> !<\/h4>\n\n\n\n<h5 class=\"wp-block-heading has-text-align-center\">Parce que la route ne vaut que si elle fait battre le c\u0153ur&#8230;<\/h5>\n","protected":false},"excerpt":{"rendered":"<p>Motorbike Emotion&#8211;Une Passion au service de la V\u00f4tre Motorbike Emotion est une ASBL n\u00e9e d\u2019une passion partag\u00e9e pour la moto et l\u2019envie de faire vivre des exp\u00e9riences fortes \u00e0 tous [&hellip;]<\/p>\n","protected":false},"author":1,"featured_media":0,"parent":0,"menu_order":0,"comment_status":"closed","ping_status":"closed","template":"","meta":{"ngg_post_thumbnail":0,"_price":"","_stock":"","_tribe_ticket_header":"","_tribe_default_ticket_provider":"","_ticket_start_date":"","_ticket_end_date":"","_tribe_ticket_show_description":"","_tribe_ticket_show_not_going":false,"_tribe_ticket_use_global_stock":"","_tribe_ticket_global_stock_level":"","_global_stock_mode":"","_global_stock_cap":"","_tribe_rsvp_for_event":"","_tribe_ticket_going_count":"","_tribe_ticket_not_going_count":"","_tribe_tickets_list":"[]","_tribe_ticket_has_attendee_info_fields":false,"footnotes":"","_tec_slr_enabled":"","_tec_slr_layout":""},"class_list":["post-515","page","type-page","status-publish","hentry"],"ticketed":false,"_links":{"self":[{"href":"https:\/\/motorbike-emotion.be\/index.php\/wp-json\/wp\/v2\/pages\/515","targetHints":{"allow":["GET"]}}],"collection":[{"href":"https:\/\/motorbike-emotion.be\/index.php\/wp-json\/wp\/v2\/pages"}],"about":[{"href":"https:\/\/motorbike-emotion.be\/index.php\/wp-json\/wp\/v2\/types\/page"}],"author":[{"embeddable":true,"href":"https:\/\/motorbike-emotion.be\/index.php\/wp-json\/wp\/v2\/users\/1"}],"replies":[{"embeddable":true,"href":"https:\/\/motorbike-emotion.be\/index.php\/wp-json\/wp\/v2\/comments?post=515"}],"version-history":[{"count":2,"href":"https:\/\/motorbike-emotion.be\/index.php\/wp-json\/wp\/v2\/pages\/515\/revisions"}],"predecessor-version":[{"id":525,"href":"https:\/\/motorbike-emotion.be\/index.php\/wp-json\/wp\/v2\/pages\/515\/revisions\/525"}],"wp:attachment":[{"href":"https:\/\/motorbike-emotion.be\/index.php\/wp-json\/wp\/v2\/media?parent=515"}],"curies":[{"name":"wp","href":"https:\/\/api.w.org\/{rel}","templated":true}]}}